{"id":131,"date":"2022-11-23T12:04:04","date_gmt":"2022-11-23T12:04:04","guid":{"rendered":"https:\/\/panou-fotovoltaic.ro\/?post_type=product&#038;p=131"},"modified":"2023-03-07T08:27:23","modified_gmt":"2023-03-07T08:27:23","slug":"regulator-mppt-victron-energy-bluesolar-100-30","status":"publish","type":"product","link":"https:\/\/greenseiro.ro\/shop\/produs\/regulator-mppt-victron-energy-bluesolar-100-30\/","title":{"rendered":"Regulator MPPT Victron Energy BlueSolar 100\/30"},"content":{"rendered":"<p><strong>Regulator MPPT Victron Energy BlueSolar 100\/30<\/strong><\/p>\n<p><strong>Descriere\u00a0<\/strong><br \/>\nUn incarcator solar colecteaza energie din panourile solare si o stocheaza in baterii. Folosinf cea mai recenta si rapida tehnologie, BlueSolar maximizeaza aceasta recoltare de energie, conducand-o in mod inteligent pentru a atinge incarcarea\u00a0 completa in cel mai scurt timp posibil. BlueSolar mentine sanatatea bateriei, extinzandu-si durata de viata.<\/p>\n<p><strong>MPPT &#8211; Urm\u0103rire ultra rapid\u0103 a punctului de putere maxim\u0103\u00a0<\/strong><\/p>\n<p>Prin monitorizarea constanta a tensiunii si curentului de iesire a panourilor solare (PV), tehnoligia MPPT asigura ca fiecare picatura de putere disponibila este clatit din panourile dvs. si recoltat pentru depozitare. Avantajul acestui lucru se observa cel mai mult atunci cand este partial innorat, iar intensitatea luminii se schimba constant.<\/p>\n","protected":false},"excerpt":{"rendered":"<ul>\n<li>&nbsp;\n<ul>\n<li>Urmarire ultra-rapida a punctelor de putere maxima (MPPT)<\/li>\n<li>Detectare avansata a punctelor de putere maxima in caz de conditii de umbrire partiala<\/li>\n<li>Recunoasterea automata a tensiunii bateriei pentru banci de 12 sau 24 volti<\/li>\n<li>Tensiune de intrare de pana la 100 Volti, iesire de pana la 30 Amperi<\/li>\n<li>Terminalele pot gazdui cabluri de pana la 6 awg.<\/li>\n<li>Ofera incarcare compensata in trei etape a temperaturii cu un algoritm de incarcare flexibil<\/li>\n<li>Protectie la supratemperatura si reducerea puterii atunci cand temperatura este ridicata.<\/li>\n<li>Tensiune: 12\/24\/48 VDC<\/li>\n<\/ul>\n<\/li>\n<\/ul>\n","protected":false},"featured_media":151,"template":"","meta":{"site-sidebar-layout":"default","site-content-layout":"default","ast-site-content-layout":"","site-content-style":"default","site-sidebar-style":"default","ast-global-header-display":"","ast-banner-title-visibility":"","ast-main-header-display":"","ast-hfb-above-header-display":"","ast-hfb-below-header-display":"","ast-hfb-mobile-header-display":"","site-post-title":"","ast-breadcrumbs-content":"","ast-featured-img":"","footer-sml-layout":"","theme-transparent-header-meta":"default","adv-header-id-meta":"","stick-header-meta":"default","header-above-stick-meta":"","header-main-stick-meta":"","header-below-stick-meta":"","astra-migrate-meta-layouts":"default","ast-page-background-enabled":"default","ast-page-background-meta":{"desktop":{"background-color":"var(--ast-global-color-4)","background-image":"","background-repeat":"repeat","background-position":"center center","background-size":"auto","background-attachment":"scroll","background-type":"","background-media":"","overlay-type":"","overlay-color":"","overlay-opacity":"","overlay-gradient":""},"tablet":{"background-color":"","background-image":"","background-repeat":"repeat","background-position":"center center","background-size":"auto","background-attachment":"scroll","background-type":"","background-media":"","overlay-type":"","overlay-color":"","overlay-opacity":"","overlay-gradient":""},"mobile":{"background-color":"","background-image":"","background-repeat":"repeat","background-position":"center center","background-size":"auto","background-attachment":"scroll","background-type":"","background-media":"","overlay-type":"","overlay-color":"","overlay-opacity":"","overlay-gradient":""}},"ast-content-background-meta":{"desktop":{"background-color":"var(--ast-global-color-5)","background-image":"","background-repeat":"repeat","background-position":"center center","background-size":"auto","background-attachment":"scroll","background-type":"","background-media":"","overlay-type":"","overlay-color":"","overlay-opacity":"","overlay-gradient":""},"tablet":{"background-color":"var(--ast-global-color-5)","background-image":"","background-repeat":"repeat","background-position":"center center","background-size":"auto","background-attachment":"scroll","background-type":"","background-media":"","overlay-type":"","overlay-color":"","overlay-opacity":"","overlay-gradient":""},"mobile":{"background-color":"var(--ast-global-color-5)","background-image":"","background-repeat":"repeat","background-position":"center center","background-size":"auto","background-attachment":"scroll","background-type":"","background-media":"","overlay-type":"","overlay-color":"","overlay-opacity":"","overlay-gradient":""}}},"product_brand":[],"product_cat":[21],"product_tag":[],"class_list":{"0":"post-131","1":"product","2":"type-product","3":"status-publish","4":"has-post-thumbnail","6":"product_cat-regulatoare-mppt","7":"desktop-align-center","8":"tablet-align-left","9":"mobile-align-left","10":"ast-product-gallery-layout-horizontal-slider","11":"ast-product-tabs-layout-accordion","12":"ast-qv-on-image","14":"first","15":"instock","16":"taxable","17":"shipping-taxable","18":"purchasable","19":"product-type-simple"},"yoast_head":"<!-- This site is optimized with the Yoast SEO plugin v24.4 - https:\/\/yoast.com\/wordpress\/plugins\/seo\/ -->\n<title>Regulator MPPT Victron Energy BlueSolar 100\/30 - Panou fotovoltaic<\/title>\n<meta name=\"description\" content=\"Regulator MPPT Victron Energy BlueSolar 100\/30 la cel mai bun pre\u021b! Protejeaz\u0103-\u021bi portofelul si Investe\u0219te \u00een propriul SISTEM FOTOVOLTAIC!\" \/>\n<meta name=\"robots\" content=\"index, follow, max-snippet:-1, max-image-preview:large, max-video-preview:-1\" \/>\n<link rel=\"canonical\" href=\"https:\/\/greenseiro.ro\/shop\/produs\/regulator-mppt-victron-energy-bluesolar-100-30\/\" \/>\n<meta property=\"og:locale\" content=\"ro_RO\" \/>\n<meta property=\"og:type\" content=\"article\" \/>\n<meta property=\"og:title\" content=\"Regulator MPPT Victron Energy BlueSolar 100\/30 - Panou fotovoltaic\" \/>\n<meta property=\"og:description\" content=\"Regulator MPPT Victron Energy BlueSolar 100\/30 la cel mai bun pre\u021b! Protejeaz\u0103-\u021bi portofelul si Investe\u0219te \u00een propriul SISTEM FOTOVOLTAIC!\" \/>\n<meta property=\"og:url\" content=\"https:\/\/greenseiro.ro\/shop\/produs\/regulator-mppt-victron-energy-bluesolar-100-30\/\" \/>\n<meta property=\"og:site_name\" content=\"Panou fotovoltaic\" \/>\n<meta property=\"article:modified_time\" content=\"2023-03-07T08:27:23+00:00\" \/>\n<meta property=\"og:image\" content=\"https:\/\/greenseiro.ro\/shop\/wp-content\/uploads\/2022\/11\/victron-energy-bluesolar-mppt-10030-13810-6513.jpg\" \/>\n\t<meta property=\"og:image:width\" content=\"600\" \/>\n\t<meta property=\"og:image:height\" content=\"600\" \/>\n\t<meta property=\"og:image:type\" content=\"image\/jpeg\" \/>\n<meta name=\"twitter:card\" content=\"summary_large_image\" \/>\n<meta name=\"twitter:label1\" content=\"Timp estimat pentru citire\" \/>\n\t<meta name=\"twitter:data1\" content=\"1 minut\" \/>\n<script type=\"application\/ld+json\" class=\"yoast-schema-graph\">{\"@context\":\"https:\/\/schema.org\",\"@graph\":[{\"@type\":[\"WebPage\",\"ItemPage\"],\"@id\":\"https:\/\/greenseiro.ro\/shop\/produs\/regulator-mppt-victron-energy-bluesolar-100-30\/\",\"url\":\"https:\/\/greenseiro.ro\/shop\/produs\/regulator-mppt-victron-energy-bluesolar-100-30\/\",\"name\":\"Regulator MPPT Victron Energy BlueSolar 100\/30 - Panou fotovoltaic\",\"isPartOf\":{\"@id\":\"https:\/\/greenseiro.ro\/shop\/#website\"},\"primaryImageOfPage\":{\"@id\":\"https:\/\/greenseiro.ro\/shop\/produs\/regulator-mppt-victron-energy-bluesolar-100-30\/#primaryimage\"},\"image\":{\"@id\":\"https:\/\/greenseiro.ro\/shop\/produs\/regulator-mppt-victron-energy-bluesolar-100-30\/#primaryimage\"},\"thumbnailUrl\":\"https:\/\/greenseiro.ro\/shop\/wp-content\/uploads\/2022\/11\/victron-energy-bluesolar-mppt-10030-13810-6513.jpg\",\"datePublished\":\"2022-11-23T12:04:04+00:00\",\"dateModified\":\"2023-03-07T08:27:23+00:00\",\"description\":\"Regulator MPPT Victron Energy BlueSolar 100\/30 la cel mai bun pre\u021b! Protejeaz\u0103-\u021bi portofelul si Investe\u0219te \u00een propriul SISTEM FOTOVOLTAIC!\",\"breadcrumb\":{\"@id\":\"https:\/\/greenseiro.ro\/shop\/produs\/regulator-mppt-victron-energy-bluesolar-100-30\/#breadcrumb\"},\"inLanguage\":\"ro-RO\",\"potentialAction\":[{\"@type\":\"ReadAction\",\"target\":[\"https:\/\/greenseiro.ro\/shop\/produs\/regulator-mppt-victron-energy-bluesolar-100-30\/\"]}]},{\"@type\":\"ImageObject\",\"inLanguage\":\"ro-RO\",\"@id\":\"https:\/\/greenseiro.ro\/shop\/produs\/regulator-mppt-victron-energy-bluesolar-100-30\/#primaryimage\",\"url\":\"https:\/\/greenseiro.ro\/shop\/wp-content\/uploads\/2022\/11\/victron-energy-bluesolar-mppt-10030-13810-6513.jpg\",\"contentUrl\":\"https:\/\/greenseiro.ro\/shop\/wp-content\/uploads\/2022\/11\/victron-energy-bluesolar-mppt-10030-13810-6513.jpg\",\"width\":600,\"height\":600},{\"@type\":\"BreadcrumbList\",\"@id\":\"https:\/\/greenseiro.ro\/shop\/produs\/regulator-mppt-victron-energy-bluesolar-100-30\/#breadcrumb\",\"itemListElement\":[{\"@type\":\"ListItem\",\"position\":1,\"name\":\"Prima pagin\u0103\",\"item\":\"https:\/\/greenseiro.ro\/shop\/\"},{\"@type\":\"ListItem\",\"position\":2,\"name\":\"Produse \u0219i Accesorii panouri fotovoltaice\",\"item\":\"https:\/\/greenseiro.ro\/shop\/produse\/\"},{\"@type\":\"ListItem\",\"position\":3,\"name\":\"Regulator MPPT Victron Energy BlueSolar 100\/30\"}]},{\"@type\":\"WebSite\",\"@id\":\"https:\/\/greenseiro.ro\/shop\/#website\",\"url\":\"https:\/\/greenseiro.ro\/shop\/\",\"name\":\"Panou fotovoltaic\",\"description\":\"Magazin panouri fotovoltaice\",\"publisher\":{\"@id\":\"https:\/\/greenseiro.ro\/shop\/#organization\"},\"potentialAction\":[{\"@type\":\"SearchAction\",\"target\":{\"@type\":\"EntryPoint\",\"urlTemplate\":\"https:\/\/greenseiro.ro\/shop\/?s={search_term_string}\"},\"query-input\":{\"@type\":\"PropertyValueSpecification\",\"valueRequired\":true,\"valueName\":\"search_term_string\"}}],\"inLanguage\":\"ro-RO\"},{\"@type\":\"Organization\",\"@id\":\"https:\/\/greenseiro.ro\/shop\/#organization\",\"name\":\"Panou fotovoltaic\",\"url\":\"https:\/\/greenseiro.ro\/shop\/\",\"logo\":{\"@type\":\"ImageObject\",\"inLanguage\":\"ro-RO\",\"@id\":\"https:\/\/greenseiro.ro\/shop\/#\/schema\/logo\/image\/\",\"url\":\"https:\/\/panou-fotovoltaic.ro\/wp-content\/uploads\/2022\/11\/cropped-logo-with-transparent-bg-e1669623817370.png\",\"contentUrl\":\"https:\/\/panou-fotovoltaic.ro\/wp-content\/uploads\/2022\/11\/cropped-logo-with-transparent-bg-e1669623817370.png\",\"width\":512,\"height\":512,\"caption\":\"Panou fotovoltaic\"},\"image\":{\"@id\":\"https:\/\/greenseiro.ro\/shop\/#\/schema\/logo\/image\/\"}}]}<\/script>\n<!-- \/ Yoast SEO plugin. -->","yoast_head_json":{"title":"Regulator MPPT Victron Energy BlueSolar 100\/30 - Panou fotovoltaic","description":"Regulator MPPT Victron Energy BlueSolar 100\/30 la cel mai bun pre\u021b! Protejeaz\u0103-\u021bi portofelul si Investe\u0219te \u00een propriul SISTEM FOTOVOLTAIC!","robots":{"index":"index","follow":"follow","max-snippet":"max-snippet:-1","max-image-preview":"max-image-preview:large","max-video-preview":"max-video-preview:-1"},"canonical":"https:\/\/greenseiro.ro\/shop\/produs\/regulator-mppt-victron-energy-bluesolar-100-30\/","og_locale":"ro_RO","og_type":"article","og_title":"Regulator MPPT Victron Energy BlueSolar 100\/30 - Panou fotovoltaic","og_description":"Regulator MPPT Victron Energy BlueSolar 100\/30 la cel mai bun pre\u021b! Protejeaz\u0103-\u021bi portofelul si Investe\u0219te \u00een propriul SISTEM FOTOVOLTAIC!","og_url":"https:\/\/greenseiro.ro\/shop\/produs\/regulator-mppt-victron-energy-bluesolar-100-30\/","og_site_name":"Panou fotovoltaic","article_modified_time":"2023-03-07T08:27:23+00:00","og_image":[{"width":600,"height":600,"url":"https:\/\/greenseiro.ro\/shop\/wp-content\/uploads\/2022\/11\/victron-energy-bluesolar-mppt-10030-13810-6513.jpg","type":"image\/jpeg"}],"twitter_card":"summary_large_image","twitter_misc":{"Timp estimat pentru citire":"1 minut"},"schema":{"@context":"https:\/\/schema.org","@graph":[{"@type":["WebPage","ItemPage"],"@id":"https:\/\/greenseiro.ro\/shop\/produs\/regulator-mppt-victron-energy-bluesolar-100-30\/","url":"https:\/\/greenseiro.ro\/shop\/produs\/regulator-mppt-victron-energy-bluesolar-100-30\/","name":"Regulator MPPT Victron Energy BlueSolar 100\/30 - Panou fotovoltaic","isPartOf":{"@id":"https:\/\/greenseiro.ro\/shop\/#website"},"primaryImageOfPage":{"@id":"https:\/\/greenseiro.ro\/shop\/produs\/regulator-mppt-victron-energy-bluesolar-100-30\/#primaryimage"},"image":{"@id":"https:\/\/greenseiro.ro\/shop\/produs\/regulator-mppt-victron-energy-bluesolar-100-30\/#primaryimage"},"thumbnailUrl":"https:\/\/greenseiro.ro\/shop\/wp-content\/uploads\/2022\/11\/victron-energy-bluesolar-mppt-10030-13810-6513.jpg","datePublished":"2022-11-23T12:04:04+00:00","dateModified":"2023-03-07T08:27:23+00:00","description":"Regulator MPPT Victron Energy BlueSolar 100\/30 la cel mai bun pre\u021b! Protejeaz\u0103-\u021bi portofelul si Investe\u0219te \u00een propriul SISTEM FOTOVOLTAIC!","breadcrumb":{"@id":"https:\/\/greenseiro.ro\/shop\/produs\/regulator-mppt-victron-energy-bluesolar-100-30\/#breadcrumb"},"inLanguage":"ro-RO","potentialAction":[{"@type":"ReadAction","target":["https:\/\/greenseiro.ro\/shop\/produs\/regulator-mppt-victron-energy-bluesolar-100-30\/"]}]},{"@type":"ImageObject","inLanguage":"ro-RO","@id":"https:\/\/greenseiro.ro\/shop\/produs\/regulator-mppt-victron-energy-bluesolar-100-30\/#primaryimage","url":"https:\/\/greenseiro.ro\/shop\/wp-content\/uploads\/2022\/11\/victron-energy-bluesolar-mppt-10030-13810-6513.jpg","contentUrl":"https:\/\/greenseiro.ro\/shop\/wp-content\/uploads\/2022\/11\/victron-energy-bluesolar-mppt-10030-13810-6513.jpg","width":600,"height":600},{"@type":"BreadcrumbList","@id":"https:\/\/greenseiro.ro\/shop\/produs\/regulator-mppt-victron-energy-bluesolar-100-30\/#breadcrumb","itemListElement":[{"@type":"ListItem","position":1,"name":"Prima pagin\u0103","item":"https:\/\/greenseiro.ro\/shop\/"},{"@type":"ListItem","position":2,"name":"Produse \u0219i Accesorii panouri fotovoltaice","item":"https:\/\/greenseiro.ro\/shop\/produse\/"},{"@type":"ListItem","position":3,"name":"Regulator MPPT Victron Energy BlueSolar 100\/30"}]},{"@type":"WebSite","@id":"https:\/\/greenseiro.ro\/shop\/#website","url":"https:\/\/greenseiro.ro\/shop\/","name":"Panou fotovoltaic","description":"Magazin panouri fotovoltaice","publisher":{"@id":"https:\/\/greenseiro.ro\/shop\/#organization"},"potentialAction":[{"@type":"SearchAction","target":{"@type":"EntryPoint","urlTemplate":"https:\/\/greenseiro.ro\/shop\/?s={search_term_string}"},"query-input":{"@type":"PropertyValueSpecification","valueRequired":true,"valueName":"search_term_string"}}],"inLanguage":"ro-RO"},{"@type":"Organization","@id":"https:\/\/greenseiro.ro\/shop\/#organization","name":"Panou fotovoltaic","url":"https:\/\/greenseiro.ro\/shop\/","logo":{"@type":"ImageObject","inLanguage":"ro-RO","@id":"https:\/\/greenseiro.ro\/shop\/#\/schema\/logo\/image\/","url":"https:\/\/panou-fotovoltaic.ro\/wp-content\/uploads\/2022\/11\/cropped-logo-with-transparent-bg-e1669623817370.png","contentUrl":"https:\/\/panou-fotovoltaic.ro\/wp-content\/uploads\/2022\/11\/cropped-logo-with-transparent-bg-e1669623817370.png","width":512,"height":512,"caption":"Panou fotovoltaic"},"image":{"@id":"https:\/\/greenseiro.ro\/shop\/#\/schema\/logo\/image\/"}}]}},"_links":{"self":[{"href":"https:\/\/greenseiro.ro\/shop\/wp-json\/wp\/v2\/product\/131","targetHints":{"allow":["GET"]}}],"collection":[{"href":"https:\/\/greenseiro.ro\/shop\/wp-json\/wp\/v2\/product"}],"about":[{"href":"https:\/\/greenseiro.ro\/shop\/wp-json\/wp\/v2\/types\/product"}],"wp:featuredmedia":[{"embeddable":true,"href":"https:\/\/greenseiro.ro\/shop\/wp-json\/wp\/v2\/media\/151"}],"wp:attachment":[{"href":"https:\/\/greenseiro.ro\/shop\/wp-json\/wp\/v2\/media?parent=131"}],"wp:term":[{"taxonomy":"product_brand","embeddable":true,"href":"https:\/\/greenseiro.ro\/shop\/wp-json\/wp\/v2\/product_brand?post=131"},{"taxonomy":"product_cat","embeddable":true,"href":"https:\/\/greenseiro.ro\/shop\/wp-json\/wp\/v2\/product_cat?post=131"},{"taxonomy":"product_tag","embeddable":true,"href":"https:\/\/greenseiro.ro\/shop\/wp-json\/wp\/v2\/product_tag?post=131"}],"curies":[{"name":"wp","href":"https:\/\/api.w.org\/{rel}","templated":true}]}}