{"id":2903,"date":"2025-04-30T17:25:09","date_gmt":"2025-04-30T17:25:09","guid":{"rendered":"https:\/\/greenseiro.ro\/shop\/?post_type=product&#038;p=2903"},"modified":"2026-02-23T11:53:31","modified_gmt":"2026-02-23T11:53:31","slug":"dahai-dhm72t31-tp-585w-panou-fotovoltaic-monocristalin","status":"publish","type":"product","link":"https:\/\/greenseiro.ro\/shop\/produs\/dahai-dhm72t31-tp-585w-panou-fotovoltaic-monocristalin\/","title":{"rendered":"DAHAI DHM72T31-TP 585W &#8211; Panou fotovoltaic monocristalin"},"content":{"rendered":"<h3><strong>DAHAI DHM72T31-TP 585W &#8211; Panou fotovoltaic monocristalin &#8211; Tehnologie Avansat\u0103 pentru Eficien\u021b\u0103 Maxim\u0103<\/strong><\/h3>\n<section id=\"comp-m2kqxnj2\" class=\"Oqnisf comp-m2kqxnj2 wixui-section\" tabindex=\"-1\" data-block-level-container=\"ClassicSection\">\n<div class=\"\" data-mesh-id=\"comp-m2kqxnj2inlineContent\" data-testid=\"inline-content\">\n<div data-mesh-id=\"comp-m2kqxnj2inlineContent-gridContainer\" data-testid=\"mesh-container-content\">\n<div id=\"comp-m2kqxnk06\" class=\"HcOXKn c9GqVL QxJLC3 lq2cno YQcXTT comp-m2kqxnk06 wixui-rich-text\" data-testid=\"richTextElement\">\n<p class=\"font_8 wixui-rich-text__text\">Modul TOPCon de \u00eenalt\u0103 eficien\u021b\u0103<\/p>\n<ul class=\"font_8 wixui-rich-text__text\">\n<li class=\"wixui-rich-text__text\">\n<p class=\"font_8 wixui-rich-text__text\">Folosind cele mai recente celule de siliciu TOPCon 16BB, puterea de ie\u0219ire ajunge la 585W, cu o eficien\u021b\u0103 de conversie de <strong>22,64%<\/strong>.<\/p>\n<\/li>\n<li class=\"wixui-rich-text__text\">\n<p class=\"font_8 wixui-rich-text__text\">Aceea\u0219i suprafa\u021b\u0103 atinge o eficien\u021b\u0103 mai mare de generare a energiei comparativ cu modulele standard.<\/p>\n<\/li>\n<li class=\"wixui-rich-text__text\">\n<p class=\"font_8 wixui-rich-text__text\">Rat\u0103 de atenuare ultra-sc\u0103zut\u0103, atenuare \u00een primul an \u2264 1%, atenuare liniar\u0103 \u00eentre 2-30 ani \u2264 0,4%.<\/p>\n<\/li>\n<li class=\"wixui-rich-text__text\">\n<p class=\"font_8 wixui-rich-text__text\">Linie de produc\u021bie complet automatizat\u0103, cu inspec\u021bie de calitate complet\u0103, pentru a asigura garan\u021bia produsului.<\/p>\n<\/li>\n<li class=\"wixui-rich-text__text\">\n<p class=\"font_8 wixui-rich-text__text\">Componentele rezist\u0103 la sarcini de v\u00e2nt de 2400Pa \u0219i sarcini de z\u0103pad\u0103 de 5400Pa.<\/p>\n<\/li>\n<\/ul>\n<\/div>\n<\/div>\n<\/div>\n<\/section>\n<section id=\"comp-m39o4gt9\" class=\"Oqnisf comp-m39o4gt9 wixui-section\" tabindex=\"-1\" data-block-level-container=\"ClassicSection\">\n<div class=\"\" data-mesh-id=\"comp-m39o4gt9inlineContent\" data-testid=\"inline-content\">\n<div data-mesh-id=\"comp-m39o4gt9inlineContent-gridContainer\" data-testid=\"mesh-container-content\">\n<div id=\"comp-m39o4guj\" class=\"HcOXKn c9GqVL QxJLC3 lq2cno YQcXTT comp-m39o4guj wixui-rich-text\" data-testid=\"richTextElement\">\n<p class=\"font_8 wixui-rich-text__text\">DAHAI SOLAR este o \u00eentreprindere de energie regenerabil\u0103 fondat\u0103 \u00een 2011, cu o capacitate de produc\u021bie de module solare de 5GW \u0219i o capacitate de produc\u021bie de siliciu de 10GW.<\/p>\n<p class=\"font_8 wixui-rich-text__text\">Ader\u00e2nd la conceptul de marc\u0103 \u201eenergie nou\u0103 pentru o lume nou\u0103\u201d, Dahai Solar s-a angajat \u00eentotdeauna s\u0103 fie un lider \u00een industria fotovoltaic\u0103, transform\u00e2nd lumina cu ingeniozitate \u0219i oferind energie verde pentru toat\u0103 lumea.<\/p>\n<\/div>\n<\/div>\n<\/div>\n<\/section>\n<p>&nbsp;<\/p>\n<h4>Caracteristicile tehnice ale panoului DAHAI sunt impresionante:<\/h4>\n<ul>\n<li>Celule de siliciu monocristalin TOPCon \u2013 144(2 x 6 x12)<\/li>\n<li>Dimensiuni generoase \u2013 2279mm x 1134mm x 35mm<\/li>\n<li>Greutate robust\u0103 \u2013 28kg<\/li>\n<li>Sticl\u0103 solar\u0103 cu suprafa\u021b\u0103 lis\u0103 de 3,2mm grosime, cu propriet\u0103\u021bi de autocur\u0103\u021bare \u0219i transparen\u021b\u0103 ridicat\u0103<\/li>\n<li>Rama din aluminiu anodizat, rezistent\u0103 la coroziune<\/li>\n<\/ul>\n<p>Rezisten\u021ba la condi\u021bii meteorologice extreme este asigurat\u0103 prin capacitatea de a suporta v\u00e2nturi de p\u00e2n\u0103 la 200km\/h, sarcini de z\u0103pad\u0103 de p\u00e2n\u0103 la 550kg\/m2 \u0219i impactul grindinei de p\u00e2n\u0103 la 25mm diametru. Aceste caracteristici fac din panoul DAHAI o alegere excelent\u0103 pentru regiuni cu condi\u021bii climatice variate.<\/p>\n<h4>Specificatiile electrice includ:<\/h4>\n<ul>\n<li>Tensiune maxim\u0103 (Vmp) de 44,.751V<\/li>\n<li>Intensitate maxim\u0103 (Imp) de 13.07A<\/li>\n<li>Tensiune de mers \u00een gol (Voc) de 51,30V<\/li>\n<li>Curent de scurt circuit (Isc) de 14,37A<\/li>\n<\/ul>\n<p>DAHAI Panou fotovoltaic 585W monocristalin este solu\u021bia ideal\u0103 pentru cei care caut\u0103 performan\u021b\u0103 de top, durabilitate \u0219i fiabilitate \u00een produc\u021bia de energie solar\u0103. Este proiectat pentru a maximiza produc\u021bia de energie \u0219i pentru a oferi un randament energetic superior, fiind astfel o investi\u021bie inteligent\u0103 pentru viitorul sustenabil.<\/p>\n","protected":false},"excerpt":{"rendered":"<p>Pretul este pentru ridicarea de la sediul nostru din Sibiu.<\/p>\n<p>Daca doriti transport in tara, comanada minima este de un palet (31 buc)\u00a0 si trebuie sa cereti o cotatie de pret.<\/p>\n","protected":false},"featured_media":2904,"template":"","meta":{"site-sidebar-layout":"default","site-content-layout":"default","ast-site-content-layout":"default","site-content-style":"default","site-sidebar-style":"default","ast-global-header-display":"","ast-banner-title-visibility":"","ast-main-header-display":"","ast-hfb-above-header-display":"","ast-hfb-below-header-display":"","ast-hfb-mobile-header-display":"","site-post-title":"","ast-breadcrumbs-content":"","ast-featured-img":"","footer-sml-layout":"","theme-transparent-header-meta":"default","adv-header-id-meta":"","stick-header-meta":"default","header-above-stick-meta":"","header-main-stick-meta":"","header-below-stick-meta":"","astra-migrate-meta-layouts":"set","ast-page-background-enabled":"default","ast-page-background-meta":{"desktop":{"background-color":"var(--ast-global-color-4)","background-image":"","background-repeat":"repeat","background-position":"center center","background-size":"auto","background-attachment":"scroll","background-type":"","background-media":"","overlay-type":"","overlay-color":"","overlay-opacity":"","overlay-gradient":""},"tablet":{"background-color":"","background-image":"","background-repeat":"repeat","background-position":"center center","background-size":"auto","background-attachment":"scroll","background-type":"","background-media":"","overlay-type":"","overlay-color":"","overlay-opacity":"","overlay-gradient":""},"mobile":{"background-color":"","background-image":"","background-repeat":"repeat","background-position":"center center","background-size":"auto","background-attachment":"scroll","background-type":"","background-media":"","overlay-type":"","overlay-color":"","overlay-opacity":"","overlay-gradient":""}},"ast-content-background-meta":{"desktop":{"background-color":"var(--ast-global-color-5)","background-image":"","background-repeat":"repeat","background-position":"center center","background-size":"auto","background-attachment":"scroll","background-type":"","background-media":"","overlay-type":"","overlay-color":"","overlay-opacity":"","overlay-gradient":""},"tablet":{"background-color":"var(--ast-global-color-5)","background-image":"","background-repeat":"repeat","background-position":"center center","background-size":"auto","background-attachment":"scroll","background-type":"","background-media":"","overlay-type":"","overlay-color":"","overlay-opacity":"","overlay-gradient":""},"mobile":{"background-color":"var(--ast-global-color-5)","background-image":"","background-repeat":"repeat","background-position":"center center","background-size":"auto","background-attachment":"scroll","background-type":"","background-media":"","overlay-type":"","overlay-color":"","overlay-opacity":"","overlay-gradient":""}}},"product_brand":[70],"product_cat":[16],"product_tag":[78],"class_list":{"0":"post-2903","1":"product","2":"type-product","3":"status-publish","4":"has-post-thumbnail","6":"product_brand-dahai","7":"product_cat-panouri-fotovoltaice","8":"product_tag-panou-fotovoltaic","9":"desktop-align-center","10":"tablet-align-left","11":"mobile-align-left","12":"ast-product-gallery-layout-horizontal-slider","13":"ast-product-tabs-layout-accordion","14":"ast-qv-on-image","16":"first","17":"outofstock","18":"sale","19":"taxable","20":"shipping-taxable","21":"purchasable","22":"product-type-simple"},"yoast_head":"<!-- This site is optimized with the Yoast SEO plugin v24.4 - https:\/\/yoast.com\/wordpress\/plugins\/seo\/ -->\n<title>Panou Fotovoltaic DAHAI 585W - la cel mai bun pre\u021b - Panou fotovoltaic<\/title>\n<meta name=\"description\" content=\"Descoper\u0103 Panoul DAHAI 585W Monocristalin TOPCon: eficien\u021b\u0103 de v\u00e2rf \u0219i durabilitate extins\u0103 pentru un sistem solar de \u00eenalt\u0103 performan\u021b\u0103.\" \/>\n<meta name=\"robots\" content=\"index, follow, max-snippet:-1, max-image-preview:large, max-video-preview:-1\" \/>\n<link rel=\"canonical\" href=\"https:\/\/greenseiro.ro\/shop\/produs\/dahai-dhm72t31-tp-585w-panou-fotovoltaic-monocristalin\/\" \/>\n<meta property=\"og:locale\" content=\"ro_RO\" \/>\n<meta property=\"og:type\" content=\"article\" \/>\n<meta property=\"og:title\" content=\"Panou Fotovoltaic DAHAI 585W - la cel mai bun pre\u021b - Panou fotovoltaic\" \/>\n<meta property=\"og:description\" content=\"Descoper\u0103 Panoul DAHAI 585W Monocristalin TOPCon: eficien\u021b\u0103 de v\u00e2rf \u0219i durabilitate extins\u0103 pentru un sistem solar de \u00eenalt\u0103 performan\u021b\u0103.\" \/>\n<meta property=\"og:url\" content=\"https:\/\/greenseiro.ro\/shop\/produs\/dahai-dhm72t31-tp-585w-panou-fotovoltaic-monocristalin\/\" \/>\n<meta property=\"og:site_name\" content=\"Panou fotovoltaic\" \/>\n<meta property=\"article:modified_time\" content=\"2026-02-23T11:53:31+00:00\" \/>\n<meta property=\"og:image\" content=\"https:\/\/greenseiro.ro\/shop\/wp-content\/uploads\/2025\/04\/panou-dahai585.png\" \/>\n\t<meta property=\"og:image:width\" content=\"700\" \/>\n\t<meta property=\"og:image:height\" content=\"643\" \/>\n\t<meta property=\"og:image:type\" content=\"image\/png\" \/>\n<meta name=\"twitter:card\" content=\"summary_large_image\" \/>\n<meta name=\"twitter:label1\" content=\"Timp estimat pentru citire\" \/>\n\t<meta name=\"twitter:data1\" content=\"3 minute\" \/>\n<script type=\"application\/ld+json\" class=\"yoast-schema-graph\">{\"@context\":\"https:\/\/schema.org\",\"@graph\":[{\"@type\":[\"WebPage\",\"ItemPage\"],\"@id\":\"https:\/\/greenseiro.ro\/shop\/produs\/dahai-dhm72t31-tp-585w-panou-fotovoltaic-monocristalin\/\",\"url\":\"https:\/\/greenseiro.ro\/shop\/produs\/dahai-dhm72t31-tp-585w-panou-fotovoltaic-monocristalin\/\",\"name\":\"Panou Fotovoltaic DAHAI 585W - la cel mai bun pre\u021b - Panou fotovoltaic\",\"isPartOf\":{\"@id\":\"https:\/\/greenseiro.ro\/shop\/#website\"},\"primaryImageOfPage\":{\"@id\":\"https:\/\/greenseiro.ro\/shop\/produs\/dahai-dhm72t31-tp-585w-panou-fotovoltaic-monocristalin\/#primaryimage\"},\"image\":{\"@id\":\"https:\/\/greenseiro.ro\/shop\/produs\/dahai-dhm72t31-tp-585w-panou-fotovoltaic-monocristalin\/#primaryimage\"},\"thumbnailUrl\":\"https:\/\/greenseiro.ro\/shop\/wp-content\/uploads\/2025\/04\/panou-dahai585.png\",\"datePublished\":\"2025-04-30T17:25:09+00:00\",\"dateModified\":\"2026-02-23T11:53:31+00:00\",\"description\":\"Descoper\u0103 Panoul DAHAI 585W Monocristalin TOPCon: eficien\u021b\u0103 de v\u00e2rf \u0219i durabilitate extins\u0103 pentru un sistem solar de \u00eenalt\u0103 performan\u021b\u0103.\",\"breadcrumb\":{\"@id\":\"https:\/\/greenseiro.ro\/shop\/produs\/dahai-dhm72t31-tp-585w-panou-fotovoltaic-monocristalin\/#breadcrumb\"},\"inLanguage\":\"ro-RO\",\"potentialAction\":[{\"@type\":\"ReadAction\",\"target\":[\"https:\/\/greenseiro.ro\/shop\/produs\/dahai-dhm72t31-tp-585w-panou-fotovoltaic-monocristalin\/\"]}]},{\"@type\":\"ImageObject\",\"inLanguage\":\"ro-RO\",\"@id\":\"https:\/\/greenseiro.ro\/shop\/produs\/dahai-dhm72t31-tp-585w-panou-fotovoltaic-monocristalin\/#primaryimage\",\"url\":\"https:\/\/greenseiro.ro\/shop\/wp-content\/uploads\/2025\/04\/panou-dahai585.png\",\"contentUrl\":\"https:\/\/greenseiro.ro\/shop\/wp-content\/uploads\/2025\/04\/panou-dahai585.png\",\"width\":700,\"height\":643,\"caption\":\"DAHAI 585W\"},{\"@type\":\"BreadcrumbList\",\"@id\":\"https:\/\/greenseiro.ro\/shop\/produs\/dahai-dhm72t31-tp-585w-panou-fotovoltaic-monocristalin\/#breadcrumb\",\"itemListElement\":[{\"@type\":\"ListItem\",\"position\":1,\"name\":\"Prima pagin\u0103\",\"item\":\"https:\/\/greenseiro.ro\/shop\/\"},{\"@type\":\"ListItem\",\"position\":2,\"name\":\"Produse \u0219i Accesorii panouri fotovoltaice\",\"item\":\"https:\/\/greenseiro.ro\/shop\/produse\/\"},{\"@type\":\"ListItem\",\"position\":3,\"name\":\"DAHAI DHM72T31-TP 585W &#8211; Panou fotovoltaic monocristalin\"}]},{\"@type\":\"WebSite\",\"@id\":\"https:\/\/greenseiro.ro\/shop\/#website\",\"url\":\"https:\/\/greenseiro.ro\/shop\/\",\"name\":\"Panou fotovoltaic\",\"description\":\"Magazin panouri fotovoltaice\",\"publisher\":{\"@id\":\"https:\/\/greenseiro.ro\/shop\/#organization\"},\"potentialAction\":[{\"@type\":\"SearchAction\",\"target\":{\"@type\":\"EntryPoint\",\"urlTemplate\":\"https:\/\/greenseiro.ro\/shop\/?s={search_term_string}\"},\"query-input\":{\"@type\":\"PropertyValueSpecification\",\"valueRequired\":true,\"valueName\":\"search_term_string\"}}],\"inLanguage\":\"ro-RO\"},{\"@type\":\"Organization\",\"@id\":\"https:\/\/greenseiro.ro\/shop\/#organization\",\"name\":\"Panou fotovoltaic\",\"url\":\"https:\/\/greenseiro.ro\/shop\/\",\"logo\":{\"@type\":\"ImageObject\",\"inLanguage\":\"ro-RO\",\"@id\":\"https:\/\/greenseiro.ro\/shop\/#\/schema\/logo\/image\/\",\"url\":\"https:\/\/panou-fotovoltaic.ro\/wp-content\/uploads\/2022\/11\/cropped-logo-with-transparent-bg-e1669623817370.png\",\"contentUrl\":\"https:\/\/panou-fotovoltaic.ro\/wp-content\/uploads\/2022\/11\/cropped-logo-with-transparent-bg-e1669623817370.png\",\"width\":512,\"height\":512,\"caption\":\"Panou fotovoltaic\"},\"image\":{\"@id\":\"https:\/\/greenseiro.ro\/shop\/#\/schema\/logo\/image\/\"}}]}<\/script>\n<!-- \/ Yoast SEO plugin. -->","yoast_head_json":{"title":"Panou Fotovoltaic DAHAI 585W - la cel mai bun pre\u021b - Panou fotovoltaic","description":"Descoper\u0103 Panoul DAHAI 585W Monocristalin TOPCon: eficien\u021b\u0103 de v\u00e2rf \u0219i durabilitate extins\u0103 pentru un sistem solar de \u00eenalt\u0103 performan\u021b\u0103.","robots":{"index":"index","follow":"follow","max-snippet":"max-snippet:-1","max-image-preview":"max-image-preview:large","max-video-preview":"max-video-preview:-1"},"canonical":"https:\/\/greenseiro.ro\/shop\/produs\/dahai-dhm72t31-tp-585w-panou-fotovoltaic-monocristalin\/","og_locale":"ro_RO","og_type":"article","og_title":"Panou Fotovoltaic DAHAI 585W - la cel mai bun pre\u021b - Panou fotovoltaic","og_description":"Descoper\u0103 Panoul DAHAI 585W Monocristalin TOPCon: eficien\u021b\u0103 de v\u00e2rf \u0219i durabilitate extins\u0103 pentru un sistem solar de \u00eenalt\u0103 performan\u021b\u0103.","og_url":"https:\/\/greenseiro.ro\/shop\/produs\/dahai-dhm72t31-tp-585w-panou-fotovoltaic-monocristalin\/","og_site_name":"Panou fotovoltaic","article_modified_time":"2026-02-23T11:53:31+00:00","og_image":[{"width":700,"height":643,"url":"https:\/\/greenseiro.ro\/shop\/wp-content\/uploads\/2025\/04\/panou-dahai585.png","type":"image\/png"}],"twitter_card":"summary_large_image","twitter_misc":{"Timp estimat pentru citire":"3 minute"},"schema":{"@context":"https:\/\/schema.org","@graph":[{"@type":["WebPage","ItemPage"],"@id":"https:\/\/greenseiro.ro\/shop\/produs\/dahai-dhm72t31-tp-585w-panou-fotovoltaic-monocristalin\/","url":"https:\/\/greenseiro.ro\/shop\/produs\/dahai-dhm72t31-tp-585w-panou-fotovoltaic-monocristalin\/","name":"Panou Fotovoltaic DAHAI 585W - la cel mai bun pre\u021b - Panou fotovoltaic","isPartOf":{"@id":"https:\/\/greenseiro.ro\/shop\/#website"},"primaryImageOfPage":{"@id":"https:\/\/greenseiro.ro\/shop\/produs\/dahai-dhm72t31-tp-585w-panou-fotovoltaic-monocristalin\/#primaryimage"},"image":{"@id":"https:\/\/greenseiro.ro\/shop\/produs\/dahai-dhm72t31-tp-585w-panou-fotovoltaic-monocristalin\/#primaryimage"},"thumbnailUrl":"https:\/\/greenseiro.ro\/shop\/wp-content\/uploads\/2025\/04\/panou-dahai585.png","datePublished":"2025-04-30T17:25:09+00:00","dateModified":"2026-02-23T11:53:31+00:00","description":"Descoper\u0103 Panoul DAHAI 585W Monocristalin TOPCon: eficien\u021b\u0103 de v\u00e2rf \u0219i durabilitate extins\u0103 pentru un sistem solar de \u00eenalt\u0103 performan\u021b\u0103.","breadcrumb":{"@id":"https:\/\/greenseiro.ro\/shop\/produs\/dahai-dhm72t31-tp-585w-panou-fotovoltaic-monocristalin\/#breadcrumb"},"inLanguage":"ro-RO","potentialAction":[{"@type":"ReadAction","target":["https:\/\/greenseiro.ro\/shop\/produs\/dahai-dhm72t31-tp-585w-panou-fotovoltaic-monocristalin\/"]}]},{"@type":"ImageObject","inLanguage":"ro-RO","@id":"https:\/\/greenseiro.ro\/shop\/produs\/dahai-dhm72t31-tp-585w-panou-fotovoltaic-monocristalin\/#primaryimage","url":"https:\/\/greenseiro.ro\/shop\/wp-content\/uploads\/2025\/04\/panou-dahai585.png","contentUrl":"https:\/\/greenseiro.ro\/shop\/wp-content\/uploads\/2025\/04\/panou-dahai585.png","width":700,"height":643,"caption":"DAHAI 585W"},{"@type":"BreadcrumbList","@id":"https:\/\/greenseiro.ro\/shop\/produs\/dahai-dhm72t31-tp-585w-panou-fotovoltaic-monocristalin\/#breadcrumb","itemListElement":[{"@type":"ListItem","position":1,"name":"Prima pagin\u0103","item":"https:\/\/greenseiro.ro\/shop\/"},{"@type":"ListItem","position":2,"name":"Produse \u0219i Accesorii panouri fotovoltaice","item":"https:\/\/greenseiro.ro\/shop\/produse\/"},{"@type":"ListItem","position":3,"name":"DAHAI DHM72T31-TP 585W &#8211; Panou fotovoltaic monocristalin"}]},{"@type":"WebSite","@id":"https:\/\/greenseiro.ro\/shop\/#website","url":"https:\/\/greenseiro.ro\/shop\/","name":"Panou fotovoltaic","description":"Magazin panouri fotovoltaice","publisher":{"@id":"https:\/\/greenseiro.ro\/shop\/#organization"},"potentialAction":[{"@type":"SearchAction","target":{"@type":"EntryPoint","urlTemplate":"https:\/\/greenseiro.ro\/shop\/?s={search_term_string}"},"query-input":{"@type":"PropertyValueSpecification","valueRequired":true,"valueName":"search_term_string"}}],"inLanguage":"ro-RO"},{"@type":"Organization","@id":"https:\/\/greenseiro.ro\/shop\/#organization","name":"Panou fotovoltaic","url":"https:\/\/greenseiro.ro\/shop\/","logo":{"@type":"ImageObject","inLanguage":"ro-RO","@id":"https:\/\/greenseiro.ro\/shop\/#\/schema\/logo\/image\/","url":"https:\/\/panou-fotovoltaic.ro\/wp-content\/uploads\/2022\/11\/cropped-logo-with-transparent-bg-e1669623817370.png","contentUrl":"https:\/\/panou-fotovoltaic.ro\/wp-content\/uploads\/2022\/11\/cropped-logo-with-transparent-bg-e1669623817370.png","width":512,"height":512,"caption":"Panou fotovoltaic"},"image":{"@id":"https:\/\/greenseiro.ro\/shop\/#\/schema\/logo\/image\/"}}]}},"_links":{"self":[{"href":"https:\/\/greenseiro.ro\/shop\/wp-json\/wp\/v2\/product\/2903","targetHints":{"allow":["GET"]}}],"collection":[{"href":"https:\/\/greenseiro.ro\/shop\/wp-json\/wp\/v2\/product"}],"about":[{"href":"https:\/\/greenseiro.ro\/shop\/wp-json\/wp\/v2\/types\/product"}],"wp:featuredmedia":[{"embeddable":true,"href":"https:\/\/greenseiro.ro\/shop\/wp-json\/wp\/v2\/media\/2904"}],"wp:attachment":[{"href":"https:\/\/greenseiro.ro\/shop\/wp-json\/wp\/v2\/media?parent=2903"}],"wp:term":[{"taxonomy":"product_brand","embeddable":true,"href":"https:\/\/greenseiro.ro\/shop\/wp-json\/wp\/v2\/product_brand?post=2903"},{"taxonomy":"product_cat","embeddable":true,"href":"https:\/\/greenseiro.ro\/shop\/wp-json\/wp\/v2\/product_cat?post=2903"},{"taxonomy":"product_tag","embeddable":true,"href":"https:\/\/greenseiro.ro\/shop\/wp-json\/wp\/v2\/product_tag?post=2903"}],"curies":[{"name":"wp","href":"https:\/\/api.w.org\/{rel}","templated":true}]}}