{"id":85,"date":"2022-11-23T12:03:37","date_gmt":"2022-11-23T12:03:37","guid":{"rendered":"https:\/\/panou-fotovoltaic.ro\/?post_type=product&#038;p=85"},"modified":"2025-04-30T11:20:43","modified_gmt":"2025-04-30T11:20:43","slug":"invertor-victron-energy-quattro-24v-5000va","status":"publish","type":"product","link":"https:\/\/greenseiro.ro\/shop\/produs\/invertor-victron-energy-quattro-24v-5000va\/","title":{"rendered":"Invertor Victron Energy Quattro 24V\/5000VA 100\/100"},"content":{"rendered":"<p>Similar cu MultiPlus, Quattro este, de asemenea, un invertor combinat \u0219i un \u00eenc\u0103rc\u0103tor. \u00cen plus, poate accepta dou\u0103 intr\u0103ri de curent alternativ \u0219i se conecteaz\u0103 automat la sursa activ\u0103. Printre multiplele sale caracteristici se num\u0103r\u0103 un adev\u0103rat invertor de unde sinusoidale, \u00eenc\u0103rcare adaptiv\u0103, tehnologie hibrid\u0103 PowerAssist plus multiple func\u021bii de integrare ale sistemului, cum ar fi func\u021bionarea \u00een trei faze sau faze desp\u0103rtite \u0219i func\u021bionarea \u00een paralel.<br \/>\nProtec\u021bie la:<br \/>\na. Ie\u0219ire scurtcircuit<br \/>\nb. Suprasarcin\u0103<br \/>\nc. Tensiunea bateriei este prea mare<br \/>\nd. Tensiunea bateriei este prea sc\u0103zut\u0103<br \/>\ne. Temperatura prea ridicat\u0103<br \/>\nf. 230VAC la ie\u0219irea invertorului<br \/>\ng. Tensiunea de intrare este prea mare<br \/>\n\u2022 Monitorizare si control de la distranta,.<br \/>\n\u2022 Tensiunea de iesire 230 VAC<br \/>\n\u2022 Frecventa 50 Hz<\/p>\n","protected":false},"excerpt":{"rendered":"<h5>Pret persoane juridice:\u00a0 15,904.35 lei\u00a0 TVA 19%<\/h5>\n<p>&nbsp;<\/p>\n<p><em><strong>CUMPARA IN URMATOARELE 30 DE ZILE SI BENEFICIEZI DE UN DISCOUNT DE 10 %<\/strong><\/em><\/p>\n<p>Protectie la:<\/p>\n<p>a. Iesire scurtcircuit<br \/>\nb. Suprasarcina<br \/>\nc. Tensiunea bateriei este prea mare<br \/>\nd. Tensiunea bateriei este prea scazuta<br \/>\ne. Temperatura prea ridicata<br \/>\nf. 230VAC la iesirea invertorului<br \/>\ng. Tensiunea de intrare este prea mare<\/p>\n<p>\u2022 Monitorizare si control de la distranta,.<br \/>\n\u2022 Tensiunea de iesire 230 VAC<br \/>\n\u2022 Frecventa 50 Hz<\/p>\n","protected":false},"featured_media":140,"template":"","meta":{"site-sidebar-layout":"default","site-content-layout":"default","ast-site-content-layout":"default","site-content-style":"default","site-sidebar-style":"default","ast-global-header-display":"","ast-banner-title-visibility":"","ast-main-header-display":"","ast-hfb-above-header-display":"","ast-hfb-below-header-display":"","ast-hfb-mobile-header-display":"","site-post-title":"","ast-breadcrumbs-content":"","ast-featured-img":"","footer-sml-layout":"","theme-transparent-header-meta":"default","adv-header-id-meta":"","stick-header-meta":"default","header-above-stick-meta":"","header-main-stick-meta":"","header-below-stick-meta":"","astra-migrate-meta-layouts":"set","ast-page-background-enabled":"default","ast-page-background-meta":{"desktop":{"background-color":"var(--ast-global-color-4)","background-image":"","background-repeat":"repeat","background-position":"center center","background-size":"auto","background-attachment":"scroll","background-type":"","background-media":"","overlay-type":"","overlay-color":"","overlay-opacity":"","overlay-gradient":""},"tablet":{"background-color":"","background-image":"","background-repeat":"repeat","background-position":"center center","background-size":"auto","background-attachment":"scroll","background-type":"","background-media":"","overlay-type":"","overlay-color":"","overlay-opacity":"","overlay-gradient":""},"mobile":{"background-color":"","background-image":"","background-repeat":"repeat","background-position":"center center","background-size":"auto","background-attachment":"scroll","background-type":"","background-media":"","overlay-type":"","overlay-color":"","overlay-opacity":"","overlay-gradient":""}},"ast-content-background-meta":{"desktop":{"background-color":"var(--ast-global-color-5)","background-image":"","background-repeat":"repeat","background-position":"center center","background-size":"auto","background-attachment":"scroll","background-type":"","background-media":"","overlay-type":"","overlay-color":"","overlay-opacity":"","overlay-gradient":""},"tablet":{"background-color":"var(--ast-global-color-5)","background-image":"","background-repeat":"repeat","background-position":"center center","background-size":"auto","background-attachment":"scroll","background-type":"","background-media":"","overlay-type":"","overlay-color":"","overlay-opacity":"","overlay-gradient":""},"mobile":{"background-color":"var(--ast-global-color-5)","background-image":"","background-repeat":"repeat","background-position":"center center","background-size":"auto","background-attachment":"scroll","background-type":"","background-media":"","overlay-type":"","overlay-color":"","overlay-opacity":"","overlay-gradient":""}}},"product_brand":[71],"product_cat":[17],"product_tag":[80],"class_list":{"0":"post-85","1":"product","2":"type-product","3":"status-publish","4":"has-post-thumbnail","6":"product_brand-victron-energy","7":"product_cat-invertoare","8":"product_tag-invertor-victron-energy-quattro","9":"desktop-align-center","10":"tablet-align-left","11":"mobile-align-left","12":"ast-product-gallery-layout-horizontal-slider","13":"ast-product-gallery-with-no-image","14":"ast-product-tabs-layout-accordion","15":"ast-qv-on-image","17":"first","18":"instock","19":"taxable","20":"shipping-taxable","21":"purchasable","22":"product-type-simple"},"yoast_head":"<!-- This site is optimized with the Yoast SEO plugin v24.4 - https:\/\/yoast.com\/wordpress\/plugins\/seo\/ -->\n<title>Invertor Victron Energy Quattro 24V\/5000VA 100\/100 - Panou fotovoltaic<\/title>\n<meta name=\"description\" content=\"Cumpara invertor Victron Energy Quattro 24V\/5000VA si profita de cel mai mic pret din Romania! Oferit de GreenSeiro.Ro\" \/>\n<meta name=\"robots\" content=\"index, follow, max-snippet:-1, max-image-preview:large, max-video-preview:-1\" \/>\n<link rel=\"canonical\" href=\"https:\/\/greenseiro.ro\/shop\/produs\/invertor-victron-energy-quattro-24v-5000va\/\" \/>\n<meta property=\"og:locale\" content=\"ro_RO\" \/>\n<meta property=\"og:type\" content=\"article\" \/>\n<meta property=\"og:title\" content=\"Invertor Victron Energy Quattro 24V\/5000VA 100\/100 - Panou fotovoltaic\" \/>\n<meta property=\"og:description\" content=\"Cumpara invertor Victron Energy Quattro 24V\/5000VA si profita de cel mai mic pret din Romania! Oferit de GreenSeiro.Ro\" \/>\n<meta property=\"og:url\" content=\"https:\/\/greenseiro.ro\/shop\/produs\/invertor-victron-energy-quattro-24v-5000va\/\" \/>\n<meta property=\"og:site_name\" content=\"Panou fotovoltaic\" \/>\n<meta property=\"article:modified_time\" content=\"2025-04-30T11:20:43+00:00\" \/>\n<meta property=\"og:image\" content=\"https:\/\/greenseiro.ro\/shop\/wp-content\/uploads\/2022\/11\/quattro-24-5000-120-100-100-230v-ve-bus-15116-432865.png\" \/>\n\t<meta property=\"og:image:width\" content=\"392\" \/>\n\t<meta property=\"og:image:height\" content=\"500\" \/>\n\t<meta property=\"og:image:type\" content=\"image\/png\" \/>\n<meta name=\"twitter:card\" content=\"summary_large_image\" \/>\n<meta name=\"twitter:label1\" content=\"Timp estimat pentru citire\" \/>\n\t<meta name=\"twitter:data1\" content=\"1 minut\" \/>\n<script type=\"application\/ld+json\" class=\"yoast-schema-graph\">{\"@context\":\"https:\/\/schema.org\",\"@graph\":[{\"@type\":[\"WebPage\",\"ItemPage\"],\"@id\":\"https:\/\/greenseiro.ro\/shop\/produs\/invertor-victron-energy-quattro-24v-5000va\/\",\"url\":\"https:\/\/greenseiro.ro\/shop\/produs\/invertor-victron-energy-quattro-24v-5000va\/\",\"name\":\"Invertor Victron Energy Quattro 24V\/5000VA 100\/100 - Panou fotovoltaic\",\"isPartOf\":{\"@id\":\"https:\/\/greenseiro.ro\/shop\/#website\"},\"primaryImageOfPage\":{\"@id\":\"https:\/\/greenseiro.ro\/shop\/produs\/invertor-victron-energy-quattro-24v-5000va\/#primaryimage\"},\"image\":{\"@id\":\"https:\/\/greenseiro.ro\/shop\/produs\/invertor-victron-energy-quattro-24v-5000va\/#primaryimage\"},\"thumbnailUrl\":\"https:\/\/greenseiro.ro\/shop\/wp-content\/uploads\/2022\/11\/quattro-24-5000-120-100-100-230v-ve-bus-15116-432865.png\",\"datePublished\":\"2022-11-23T12:03:37+00:00\",\"dateModified\":\"2025-04-30T11:20:43+00:00\",\"description\":\"Cumpara invertor Victron Energy Quattro 24V\/5000VA si profita de cel mai mic pret din Romania! Oferit de GreenSeiro.Ro\",\"breadcrumb\":{\"@id\":\"https:\/\/greenseiro.ro\/shop\/produs\/invertor-victron-energy-quattro-24v-5000va\/#breadcrumb\"},\"inLanguage\":\"ro-RO\",\"potentialAction\":[{\"@type\":\"ReadAction\",\"target\":[\"https:\/\/greenseiro.ro\/shop\/produs\/invertor-victron-energy-quattro-24v-5000va\/\"]}]},{\"@type\":\"ImageObject\",\"inLanguage\":\"ro-RO\",\"@id\":\"https:\/\/greenseiro.ro\/shop\/produs\/invertor-victron-energy-quattro-24v-5000va\/#primaryimage\",\"url\":\"https:\/\/greenseiro.ro\/shop\/wp-content\/uploads\/2022\/11\/quattro-24-5000-120-100-100-230v-ve-bus-15116-432865.png\",\"contentUrl\":\"https:\/\/greenseiro.ro\/shop\/wp-content\/uploads\/2022\/11\/quattro-24-5000-120-100-100-230v-ve-bus-15116-432865.png\",\"width\":392,\"height\":500},{\"@type\":\"BreadcrumbList\",\"@id\":\"https:\/\/greenseiro.ro\/shop\/produs\/invertor-victron-energy-quattro-24v-5000va\/#breadcrumb\",\"itemListElement\":[{\"@type\":\"ListItem\",\"position\":1,\"name\":\"Prima pagin\u0103\",\"item\":\"https:\/\/greenseiro.ro\/shop\/\"},{\"@type\":\"ListItem\",\"position\":2,\"name\":\"Produse \u0219i Accesorii panouri fotovoltaice\",\"item\":\"https:\/\/greenseiro.ro\/shop\/produse\/\"},{\"@type\":\"ListItem\",\"position\":3,\"name\":\"Invertor Victron Energy Quattro 24V\/5000VA 100\/100\"}]},{\"@type\":\"WebSite\",\"@id\":\"https:\/\/greenseiro.ro\/shop\/#website\",\"url\":\"https:\/\/greenseiro.ro\/shop\/\",\"name\":\"Panou fotovoltaic\",\"description\":\"Magazin panouri fotovoltaice\",\"publisher\":{\"@id\":\"https:\/\/greenseiro.ro\/shop\/#organization\"},\"potentialAction\":[{\"@type\":\"SearchAction\",\"target\":{\"@type\":\"EntryPoint\",\"urlTemplate\":\"https:\/\/greenseiro.ro\/shop\/?s={search_term_string}\"},\"query-input\":{\"@type\":\"PropertyValueSpecification\",\"valueRequired\":true,\"valueName\":\"search_term_string\"}}],\"inLanguage\":\"ro-RO\"},{\"@type\":\"Organization\",\"@id\":\"https:\/\/greenseiro.ro\/shop\/#organization\",\"name\":\"Panou fotovoltaic\",\"url\":\"https:\/\/greenseiro.ro\/shop\/\",\"logo\":{\"@type\":\"ImageObject\",\"inLanguage\":\"ro-RO\",\"@id\":\"https:\/\/greenseiro.ro\/shop\/#\/schema\/logo\/image\/\",\"url\":\"https:\/\/panou-fotovoltaic.ro\/wp-content\/uploads\/2022\/11\/cropped-logo-with-transparent-bg-e1669623817370.png\",\"contentUrl\":\"https:\/\/panou-fotovoltaic.ro\/wp-content\/uploads\/2022\/11\/cropped-logo-with-transparent-bg-e1669623817370.png\",\"width\":512,\"height\":512,\"caption\":\"Panou fotovoltaic\"},\"image\":{\"@id\":\"https:\/\/greenseiro.ro\/shop\/#\/schema\/logo\/image\/\"}}]}<\/script>\n<!-- \/ Yoast SEO plugin. -->","yoast_head_json":{"title":"Invertor Victron Energy Quattro 24V\/5000VA 100\/100 - Panou fotovoltaic","description":"Cumpara invertor Victron Energy Quattro 24V\/5000VA si profita de cel mai mic pret din Romania! Oferit de GreenSeiro.Ro","robots":{"index":"index","follow":"follow","max-snippet":"max-snippet:-1","max-image-preview":"max-image-preview:large","max-video-preview":"max-video-preview:-1"},"canonical":"https:\/\/greenseiro.ro\/shop\/produs\/invertor-victron-energy-quattro-24v-5000va\/","og_locale":"ro_RO","og_type":"article","og_title":"Invertor Victron Energy Quattro 24V\/5000VA 100\/100 - Panou fotovoltaic","og_description":"Cumpara invertor Victron Energy Quattro 24V\/5000VA si profita de cel mai mic pret din Romania! Oferit de GreenSeiro.Ro","og_url":"https:\/\/greenseiro.ro\/shop\/produs\/invertor-victron-energy-quattro-24v-5000va\/","og_site_name":"Panou fotovoltaic","article_modified_time":"2025-04-30T11:20:43+00:00","og_image":[{"width":392,"height":500,"url":"https:\/\/greenseiro.ro\/shop\/wp-content\/uploads\/2022\/11\/quattro-24-5000-120-100-100-230v-ve-bus-15116-432865.png","type":"image\/png"}],"twitter_card":"summary_large_image","twitter_misc":{"Timp estimat pentru citire":"1 minut"},"schema":{"@context":"https:\/\/schema.org","@graph":[{"@type":["WebPage","ItemPage"],"@id":"https:\/\/greenseiro.ro\/shop\/produs\/invertor-victron-energy-quattro-24v-5000va\/","url":"https:\/\/greenseiro.ro\/shop\/produs\/invertor-victron-energy-quattro-24v-5000va\/","name":"Invertor Victron Energy Quattro 24V\/5000VA 100\/100 - Panou fotovoltaic","isPartOf":{"@id":"https:\/\/greenseiro.ro\/shop\/#website"},"primaryImageOfPage":{"@id":"https:\/\/greenseiro.ro\/shop\/produs\/invertor-victron-energy-quattro-24v-5000va\/#primaryimage"},"image":{"@id":"https:\/\/greenseiro.ro\/shop\/produs\/invertor-victron-energy-quattro-24v-5000va\/#primaryimage"},"thumbnailUrl":"https:\/\/greenseiro.ro\/shop\/wp-content\/uploads\/2022\/11\/quattro-24-5000-120-100-100-230v-ve-bus-15116-432865.png","datePublished":"2022-11-23T12:03:37+00:00","dateModified":"2025-04-30T11:20:43+00:00","description":"Cumpara invertor Victron Energy Quattro 24V\/5000VA si profita de cel mai mic pret din Romania! Oferit de GreenSeiro.Ro","breadcrumb":{"@id":"https:\/\/greenseiro.ro\/shop\/produs\/invertor-victron-energy-quattro-24v-5000va\/#breadcrumb"},"inLanguage":"ro-RO","potentialAction":[{"@type":"ReadAction","target":["https:\/\/greenseiro.ro\/shop\/produs\/invertor-victron-energy-quattro-24v-5000va\/"]}]},{"@type":"ImageObject","inLanguage":"ro-RO","@id":"https:\/\/greenseiro.ro\/shop\/produs\/invertor-victron-energy-quattro-24v-5000va\/#primaryimage","url":"https:\/\/greenseiro.ro\/shop\/wp-content\/uploads\/2022\/11\/quattro-24-5000-120-100-100-230v-ve-bus-15116-432865.png","contentUrl":"https:\/\/greenseiro.ro\/shop\/wp-content\/uploads\/2022\/11\/quattro-24-5000-120-100-100-230v-ve-bus-15116-432865.png","width":392,"height":500},{"@type":"BreadcrumbList","@id":"https:\/\/greenseiro.ro\/shop\/produs\/invertor-victron-energy-quattro-24v-5000va\/#breadcrumb","itemListElement":[{"@type":"ListItem","position":1,"name":"Prima pagin\u0103","item":"https:\/\/greenseiro.ro\/shop\/"},{"@type":"ListItem","position":2,"name":"Produse \u0219i Accesorii panouri fotovoltaice","item":"https:\/\/greenseiro.ro\/shop\/produse\/"},{"@type":"ListItem","position":3,"name":"Invertor Victron Energy Quattro 24V\/5000VA 100\/100"}]},{"@type":"WebSite","@id":"https:\/\/greenseiro.ro\/shop\/#website","url":"https:\/\/greenseiro.ro\/shop\/","name":"Panou fotovoltaic","description":"Magazin panouri fotovoltaice","publisher":{"@id":"https:\/\/greenseiro.ro\/shop\/#organization"},"potentialAction":[{"@type":"SearchAction","target":{"@type":"EntryPoint","urlTemplate":"https:\/\/greenseiro.ro\/shop\/?s={search_term_string}"},"query-input":{"@type":"PropertyValueSpecification","valueRequired":true,"valueName":"search_term_string"}}],"inLanguage":"ro-RO"},{"@type":"Organization","@id":"https:\/\/greenseiro.ro\/shop\/#organization","name":"Panou fotovoltaic","url":"https:\/\/greenseiro.ro\/shop\/","logo":{"@type":"ImageObject","inLanguage":"ro-RO","@id":"https:\/\/greenseiro.ro\/shop\/#\/schema\/logo\/image\/","url":"https:\/\/panou-fotovoltaic.ro\/wp-content\/uploads\/2022\/11\/cropped-logo-with-transparent-bg-e1669623817370.png","contentUrl":"https:\/\/panou-fotovoltaic.ro\/wp-content\/uploads\/2022\/11\/cropped-logo-with-transparent-bg-e1669623817370.png","width":512,"height":512,"caption":"Panou fotovoltaic"},"image":{"@id":"https:\/\/greenseiro.ro\/shop\/#\/schema\/logo\/image\/"}}]}},"_links":{"self":[{"href":"https:\/\/greenseiro.ro\/shop\/wp-json\/wp\/v2\/product\/85","targetHints":{"allow":["GET"]}}],"collection":[{"href":"https:\/\/greenseiro.ro\/shop\/wp-json\/wp\/v2\/product"}],"about":[{"href":"https:\/\/greenseiro.ro\/shop\/wp-json\/wp\/v2\/types\/product"}],"wp:featuredmedia":[{"embeddable":true,"href":"https:\/\/greenseiro.ro\/shop\/wp-json\/wp\/v2\/media\/140"}],"wp:attachment":[{"href":"https:\/\/greenseiro.ro\/shop\/wp-json\/wp\/v2\/media?parent=85"}],"wp:term":[{"taxonomy":"product_brand","embeddable":true,"href":"https:\/\/greenseiro.ro\/shop\/wp-json\/wp\/v2\/product_brand?post=85"},{"taxonomy":"product_cat","embeddable":true,"href":"https:\/\/greenseiro.ro\/shop\/wp-json\/wp\/v2\/product_cat?post=85"},{"taxonomy":"product_tag","embeddable":true,"href":"https:\/\/greenseiro.ro\/shop\/wp-json\/wp\/v2\/product_tag?post=85"}],"curies":[{"name":"wp","href":"https:\/\/api.w.org\/{rel}","templated":true}]}}